{"id":14,"date":"2019-02-08T16:18:05","date_gmt":"2019-02-08T16:18:05","guid":{"rendered":"http:\/\/54.218.26.216\/?page_id=14"},"modified":"2021-03-26T23:50:52","modified_gmt":"2021-03-26T23:50:52","slug":"priorities-media-and-text","status":"publish","type":"page","link":"https:\/\/www.elizabethforfortworth.com\/es\/priorities-media-and-text\/","title":{"rendered":"Prioridades - antiguo"},"content":{"rendered":"<figure class=\"wp-block-pullquote alignwide has-background has-blue-background-color is-style-solid-color\"><blockquote class=\"has-text-color has-white-color\"><p>El cambio no vendr\u00e1 si esperamos a otra persona o en otro momento. Somos los que est\u00e1bamos esperando. Somos el cambio que buscamos.<\/p><cite>Presidente Barack Obama<\/cite><\/blockquote><\/figure>\n\n\n\n<div style=\"height:20px\" aria-hidden=\"true\" class=\"wp-block-spacer\"><\/div>\n\n\n\n<div class=\"wp-block-media-text alignwide has-media-on-the-right is-stacked-on-mobile is-image-fill is-style-overlap has-pale-grey-background-color has-background\"><figure class=\"wp-block-media-text__media lazyload\" style=\"background-image:inherit;background-position:50% 50%\" data-bg-image=\"url(http:\/\/54.185.27.176\/\/var\/www\/wordpress\/elizabethforfortworth.com\/public_html\/wp-content\/uploads\/2020\/03\/aditya-romansa-5zp0jym2w9M-unsplash-1024x768.jpg)\"><img decoding=\"async\" data-src=\"http:\/\/54.185.27.176\/\/var\/www\/wordpress\/elizabethforfortworth.com\/public_html\/wp-content\/uploads\/2020\/03\/aditya-romansa-5zp0jym2w9M-unsplash-1024x768.jpg\" alt=\"\" class=\"wp-image-860 size-full lazyload\" src=\"data:image\/svg+xml;base64,PHN2ZyB3aWR0aD0iMSIgaGVpZ2h0PSIxIiB4bWxucz0iaHR0cDovL3d3dy53My5vcmcvMjAwMC9zdmciPjwvc3ZnPg==\" style=\"--smush-placeholder-width: 1024px; --smush-placeholder-aspect-ratio: 1024\/768;\" \/><\/figure><div class=\"wp-block-media-text__content\">\n<p class=\"has-large-font-size has-custom-lineheight\" style=\"line-height:1;font-size:40px\">Creando un m\u00e1s <strong>Centrado en Fort Worth<\/strong> <br>Plan de desarrollo econ\u00f3mico<\/p>\n\n\n\n<ul class=\"wp-block-list\"><li>Los vecindarios vibrantes y las organizaciones comunitarias activas del Distrito 9 se encuentran entre sus mayores activos. Elizabeth sabe que el desarrollo debe centrarse en mejorar y preservar los vecindarios, as\u00ed como en prevenir el desplazamiento de los residentes y negocios de larga data.\u00a0<\/li><li>Elizabeth cree que debemos crear una cultura empresarial para que las empresas comiencen aqu\u00ed, prosperen aqu\u00ed y retribuyan aqu\u00ed.\u00a0<\/li><li>Elizabeth cree que para que Fort Worth prospere debemos celebrar nuestra diversidad y crear un ambiente donde cada residente y cada vecindario tenga esperanza y oportunidad.<\/li><\/ul>\n<\/div><\/div>\n\n\n\n<div class=\"wp-block-media-text alignwide is-stacked-on-mobile is-image-fill is-style-overlap has-pale-grey-background-color has-background\"><figure class=\"wp-block-media-text__media lazyload\" style=\"background-image:inherit;background-position:50% 50%\" data-bg-image=\"url(https:\/\/www.elizabethforfortworth.com\/wp-content\/uploads\/2020\/03\/national-cancer-institute-N_aihp118p8-unsplash-1-1024x683.jpg)\"><img decoding=\"async\" data-src=\"https:\/\/www.elizabethforfortworth.com\/wp-content\/uploads\/2020\/03\/national-cancer-institute-N_aihp118p8-unsplash-1-1024x683.jpg\" alt=\"\" class=\"wp-image-862 size-full lazyload\" src=\"data:image\/svg+xml;base64,PHN2ZyB3aWR0aD0iMSIgaGVpZ2h0PSIxIiB4bWxucz0iaHR0cDovL3d3dy53My5vcmcvMjAwMC9zdmciPjwvc3ZnPg==\" style=\"--smush-placeholder-width: 1024px; --smush-placeholder-aspect-ratio: 1024\/683;\" \/><\/figure><div class=\"wp-block-media-text__content\">\n<ul class=\"wp-block-list\"><li>\u00a0La reciente devastaci\u00f3n causada por las tormentas de invierno nunca deber\u00eda volver a ocurrir. Elizabeth se asegurar\u00e1 de que Fort Worth invierta en una infraestructura m\u00e1s resistente.\u00a0<\/li><li>Elizabeth modernizar\u00e1 las operaciones del gobierno de la ciudad para brindar a los residentes un nivel de servicio m\u00e1s eficiente y receptivo y reducir el desperdicio.\u00a0<\/li><li>Fort Worth ha gobernado solo por hoy y se ha anclado en el pasado. Debemos planificar para el futuro y Elizabeth se asegurar\u00e1 de que estemos invirtiendo hoy para acomodar y alentar nuestro crecimiento futuro.<\/li><\/ul>\n\n\n\n<p><\/p>\n<\/div><\/div>\n\n\n\n<div class=\"wp-block-media-text alignwide has-media-on-the-right is-stacked-on-mobile is-image-fill is-style-overlap has-pale-grey-background-color has-background\"><figure class=\"wp-block-media-text__media lazyload\" style=\"background-image:inherit;background-position:50% 50%\" data-bg-image=\"url(https:\/\/www.elizabethforfortworth.com\/wp-content\/uploads\/2020\/03\/maxime-agnelli-QC1oHW5JVu4-unsplash-1-1024x683.jpg)\"><img decoding=\"async\" data-src=\"https:\/\/www.elizabethforfortworth.com\/wp-content\/uploads\/2020\/03\/maxime-agnelli-QC1oHW5JVu4-unsplash-1-1024x683.jpg\" alt=\"\" class=\"wp-image-863 size-full lazyload\" src=\"data:image\/svg+xml;base64,PHN2ZyB3aWR0aD0iMSIgaGVpZ2h0PSIxIiB4bWxucz0iaHR0cDovL3d3dy53My5vcmcvMjAwMC9zdmciPjwvc3ZnPg==\" style=\"--smush-placeholder-width: 1024px; --smush-placeholder-aspect-ratio: 1024\/683;\" \/><\/figure><div class=\"wp-block-media-text__content\">\n<p class=\"has-large-font-size\">Prioridad 3<\/p>\n\n\n\n<p>Lorem ipsum dolor sit amet, consectetur adipiscing elit, sed do eiusmod tempor incididunt ut labore et dolore magna aliqua. Ut enim ad minim veniam, quis nostrud ejercicio ullamco laboris nisi ut aliquip ex ea commodo consequat. Duis aute irure dolor in reprehenderit in voluptate velit esse cillum dolore eu fugiat nulla pariatur. Excepteur sint Ocecat cupidatat non proident, sunt in culpa qui officia deserunt mollit anim id est laborum.<\/p>\n<\/div><\/div>\n\n\n\n<div class=\"wp-block-media-text alignwide is-stacked-on-mobile is-image-fill is-style-overlap has-pale-grey-background-color has-background\"><figure class=\"wp-block-media-text__media lazyload\" style=\"background-image:inherit;background-position:50% 50%\" data-bg-image=\"url(https:\/\/www.elizabethforfortworth.com\/wp-content\/uploads\/2020\/03\/rawfilm-ihMzQV3lleo-unsplash-1-1024x576.jpg)\"><img decoding=\"async\" data-src=\"https:\/\/www.elizabethforfortworth.com\/wp-content\/uploads\/2020\/03\/rawfilm-ihMzQV3lleo-unsplash-1-1024x576.jpg\" alt=\"\" class=\"wp-image-864 size-full lazyload\" src=\"data:image\/svg+xml;base64,PHN2ZyB3aWR0aD0iMSIgaGVpZ2h0PSIxIiB4bWxucz0iaHR0cDovL3d3dy53My5vcmcvMjAwMC9zdmciPjwvc3ZnPg==\" style=\"--smush-placeholder-width: 1024px; --smush-placeholder-aspect-ratio: 1024\/576;\" \/><\/figure><div class=\"wp-block-media-text__content\">\n<p class=\"has-large-font-size\">Prioridad 4<\/p>\n\n\n\n<p>Lorem ipsum dolor sit amet, consectetur adipiscing elit, sed do eiusmod tempor incididunt ut labore et dolore magna aliqua. Ut enim ad minim veniam, quis nostrud ejercicio ullamco laboris nisi ut aliquip ex ea commodo consequat. Duis aute irure dolor in reprehenderit in voluptate velit esse cillum dolore eu fugiat nulla pariatur. Excepteur sint Ocecat cupidatat non proident, sunt in culpa qui officia deserunt mollit anim id est laborum.  <\/p>\n<\/div><\/div>","protected":false},"excerpt":{"rendered":"<p>El cambio no vendr\u00e1 si esperamos a otra persona o en otro momento. Somos los que est\u00e1bamos esperando. Somos el cambio que buscamos. El presidente Barack Obama crea un plan de desarrollo econ\u00f3mico m\u00e1s centrado en Fort Worth Los vibrantes vecindarios y las organizaciones comunitarias activas del Distrito 9 se encuentran entre sus mayores activos. Elizabeth ...<\/p>\n<p><a href=\"https:\/\/www.elizabethforfortworth.com\/es\/priorities-media-and-text\/\" class=\"custom-more-link\">Lee mas<\/a><\/p>","protected":false},"author":2,"featured_media":0,"parent":0,"menu_order":0,"comment_status":"closed","ping_status":"closed","template":"","meta":{"tfcblocks_gb_metabox":"","_coblocks_attr":"","_coblocks_dimensions":"","_coblocks_responsive_height":"","_coblocks_accordion_ie_support":"","inline_featured_image":false,"footnotes":""},"class_list":["post-14","page","type-page","status-publish","hentry"],"yoast_head":"<!-- This site is optimized with the Yoast SEO plugin v27.3 - https:\/\/yoast.com\/product\/yoast-seo-wordpress\/ -->\n<title>Priorities - old - Elizabeth Beck for Fort Worth City Council District 9<\/title>\n<meta name=\"robots\" content=\"index, follow, max-snippet:-1, max-image-preview:large, max-video-preview:-1\" \/>\n<link rel=\"canonical\" href=\"https:\/\/www.elizabethforfortworth.com\/es\/priorities-media-and-text\/\" \/>\n<meta property=\"og:locale\" content=\"es_MX\" \/>\n<meta property=\"og:type\" content=\"article\" \/>\n<meta property=\"og:title\" content=\"Priorities - old - Elizabeth Beck for Fort Worth City Council District 9\" \/>\n<meta property=\"og:description\" content=\"Change will not come if we wait for some other person or some other time. We are the ones we&#8217;ve been waiting for. We are the change that we seek. President Barack Obama Creating A More Fort Worth-Focused Economic Development Plan District 9\u2019s vibrant neighborhoods and active community organizations are among its greatest assets. Elizabeth\u2026Read More\" \/>\n<meta property=\"og:url\" content=\"https:\/\/www.elizabethforfortworth.com\/es\/priorities-media-and-text\/\" \/>\n<meta property=\"og:site_name\" content=\"Elizabeth Beck for Fort Worth City Council District 9\" \/>\n<meta property=\"article:modified_time\" content=\"2021-03-26T23:50:52+00:00\" \/>\n<meta property=\"og:image\" content=\"http:\/\/54.185.27.176\/\/var\/www\/wordpress\/elizabethforfortworth.com\/public_html\/wp-content\/uploads\/2020\/03\/aditya-romansa-5zp0jym2w9M-unsplash-1024x768.jpg\" \/>\n<meta name=\"twitter:card\" content=\"summary_large_image\" \/>\n<meta name=\"twitter:label1\" content=\"Tiempo de lectura\" \/>\n\t<meta name=\"twitter:data1\" content=\"2 minutos\" \/>\n<script type=\"application\/ld+json\" class=\"yoast-schema-graph\">{\"@context\":\"https:\\\/\\\/schema.org\",\"@graph\":[{\"@type\":\"WebPage\",\"@id\":\"https:\\\/\\\/www.elizabethforfortworth.com\\\/priorities-media-and-text\\\/\",\"url\":\"https:\\\/\\\/www.elizabethforfortworth.com\\\/priorities-media-and-text\\\/\",\"name\":\"Priorities - old - Elizabeth Beck for Fort Worth City Council District 9\",\"isPartOf\":{\"@id\":\"https:\\\/\\\/www.elizabethforfortworth.com\\\/#website\"},\"primaryImageOfPage\":{\"@id\":\"https:\\\/\\\/www.elizabethforfortworth.com\\\/priorities-media-and-text\\\/#primaryimage\"},\"image\":{\"@id\":\"https:\\\/\\\/www.elizabethforfortworth.com\\\/priorities-media-and-text\\\/#primaryimage\"},\"thumbnailUrl\":\"http:\\\/\\\/54.185.27.176\\\/\\\/var\\\/www\\\/wordpress\\\/elizabethforfortworth.com\\\/public_html\\\/wp-content\\\/uploads\\\/2020\\\/03\\\/aditya-romansa-5zp0jym2w9M-unsplash-1024x768.jpg\",\"datePublished\":\"2019-02-08T16:18:05+00:00\",\"dateModified\":\"2021-03-26T23:50:52+00:00\",\"breadcrumb\":{\"@id\":\"https:\\\/\\\/www.elizabethforfortworth.com\\\/priorities-media-and-text\\\/#breadcrumb\"},\"inLanguage\":\"es\",\"potentialAction\":[{\"@type\":\"ReadAction\",\"target\":[\"https:\\\/\\\/www.elizabethforfortworth.com\\\/priorities-media-and-text\\\/\"]}]},{\"@type\":\"ImageObject\",\"inLanguage\":\"es\",\"@id\":\"https:\\\/\\\/www.elizabethforfortworth.com\\\/priorities-media-and-text\\\/#primaryimage\",\"url\":\"http:\\\/\\\/54.185.27.176\\\/\\\/var\\\/www\\\/wordpress\\\/elizabethforfortworth.com\\\/public_html\\\/wp-content\\\/uploads\\\/2020\\\/03\\\/aditya-romansa-5zp0jym2w9M-unsplash-1024x768.jpg\",\"contentUrl\":\"http:\\\/\\\/54.185.27.176\\\/\\\/var\\\/www\\\/wordpress\\\/elizabethforfortworth.com\\\/public_html\\\/wp-content\\\/uploads\\\/2020\\\/03\\\/aditya-romansa-5zp0jym2w9M-unsplash-1024x768.jpg\"},{\"@type\":\"BreadcrumbList\",\"@id\":\"https:\\\/\\\/www.elizabethforfortworth.com\\\/priorities-media-and-text\\\/#breadcrumb\",\"itemListElement\":[{\"@type\":\"ListItem\",\"position\":1,\"name\":\"Home\",\"item\":\"https:\\\/\\\/www.elizabethforfortworth.com\\\/\"},{\"@type\":\"ListItem\",\"position\":2,\"name\":\"Priorities &#8211; old\"}]},{\"@type\":\"WebSite\",\"@id\":\"https:\\\/\\\/www.elizabethforfortworth.com\\\/#website\",\"url\":\"https:\\\/\\\/www.elizabethforfortworth.com\\\/\",\"name\":\"Elizabeth Beck for Fort Worth City Council District 9\",\"description\":\"\",\"publisher\":{\"@id\":\"https:\\\/\\\/www.elizabethforfortworth.com\\\/#\\\/schema\\\/person\\\/ead1d8287bbd457281d0e4b65154a2ea\"},\"potentialAction\":[{\"@type\":\"SearchAction\",\"target\":{\"@type\":\"EntryPoint\",\"urlTemplate\":\"https:\\\/\\\/www.elizabethforfortworth.com\\\/?s={search_term_string}\"},\"query-input\":{\"@type\":\"PropertyValueSpecification\",\"valueRequired\":true,\"valueName\":\"search_term_string\"}}],\"inLanguage\":\"es\"},{\"@type\":[\"Person\",\"Organization\"],\"@id\":\"https:\\\/\\\/www.elizabethforfortworth.com\\\/#\\\/schema\\\/person\\\/ead1d8287bbd457281d0e4b65154a2ea\",\"name\":\"Elizabeth Beck\",\"image\":{\"@type\":\"ImageObject\",\"inLanguage\":\"es\",\"@id\":\"https:\\\/\\\/www.elizabethforfortworth.com\\\/wp-content\\\/uploads\\\/2020\\\/08\\\/elizabeth-beck-3700-scaled.jpg\",\"url\":\"https:\\\/\\\/www.elizabethforfortworth.com\\\/wp-content\\\/uploads\\\/2020\\\/08\\\/elizabeth-beck-3700-scaled.jpg\",\"contentUrl\":\"https:\\\/\\\/www.elizabethforfortworth.com\\\/wp-content\\\/uploads\\\/2020\\\/08\\\/elizabeth-beck-3700-scaled.jpg\",\"width\":2560,\"height\":1709,\"caption\":\"Elizabeth Beck\"},\"logo\":{\"@id\":\"https:\\\/\\\/www.elizabethforfortworth.com\\\/wp-content\\\/uploads\\\/2020\\\/08\\\/elizabeth-beck-3700-scaled.jpg\"}}]}<\/script>\n<!-- \/ Yoast SEO plugin. -->","yoast_head_json":{"title":"Prioridades - antiguas - Elizabeth Beck para el Distrito 9 del Concejo Municipal de Fort Worth","robots":{"index":"index","follow":"follow","max-snippet":"max-snippet:-1","max-image-preview":"max-image-preview:large","max-video-preview":"max-video-preview:-1"},"canonical":"https:\/\/www.elizabethforfortworth.com\/es\/priorities-media-and-text\/","og_locale":"es_MX","og_type":"article","og_title":"Priorities - old - Elizabeth Beck for Fort Worth City Council District 9","og_description":"Change will not come if we wait for some other person or some other time. We are the ones we&#8217;ve been waiting for. We are the change that we seek. President Barack Obama Creating A More Fort Worth-Focused Economic Development Plan District 9\u2019s vibrant neighborhoods and active community organizations are among its greatest assets. Elizabeth\u2026Read More","og_url":"https:\/\/www.elizabethforfortworth.com\/es\/priorities-media-and-text\/","og_site_name":"Elizabeth Beck for Fort Worth City Council District 9","article_modified_time":"2021-03-26T23:50:52+00:00","og_image":[{"url":"http:\/\/54.185.27.176\/\/var\/www\/wordpress\/elizabethforfortworth.com\/public_html\/wp-content\/uploads\/2020\/03\/aditya-romansa-5zp0jym2w9M-unsplash-1024x768.jpg","type":"","width":"","height":""}],"twitter_card":"summary_large_image","twitter_misc":{"Tiempo de lectura":"2 minutos"},"schema":{"@context":"https:\/\/schema.org","@graph":[{"@type":"WebPage","@id":"https:\/\/www.elizabethforfortworth.com\/priorities-media-and-text\/","url":"https:\/\/www.elizabethforfortworth.com\/priorities-media-and-text\/","name":"Prioridades - antiguas - Elizabeth Beck para el Distrito 9 del Concejo Municipal de Fort Worth","isPartOf":{"@id":"https:\/\/www.elizabethforfortworth.com\/#website"},"primaryImageOfPage":{"@id":"https:\/\/www.elizabethforfortworth.com\/priorities-media-and-text\/#primaryimage"},"image":{"@id":"https:\/\/www.elizabethforfortworth.com\/priorities-media-and-text\/#primaryimage"},"thumbnailUrl":"http:\/\/54.185.27.176\/\/var\/www\/wordpress\/elizabethforfortworth.com\/public_html\/wp-content\/uploads\/2020\/03\/aditya-romansa-5zp0jym2w9M-unsplash-1024x768.jpg","datePublished":"2019-02-08T16:18:05+00:00","dateModified":"2021-03-26T23:50:52+00:00","breadcrumb":{"@id":"https:\/\/www.elizabethforfortworth.com\/priorities-media-and-text\/#breadcrumb"},"inLanguage":"es","potentialAction":[{"@type":"ReadAction","target":["https:\/\/www.elizabethforfortworth.com\/priorities-media-and-text\/"]}]},{"@type":"ImageObject","inLanguage":"es","@id":"https:\/\/www.elizabethforfortworth.com\/priorities-media-and-text\/#primaryimage","url":"http:\/\/54.185.27.176\/\/var\/www\/wordpress\/elizabethforfortworth.com\/public_html\/wp-content\/uploads\/2020\/03\/aditya-romansa-5zp0jym2w9M-unsplash-1024x768.jpg","contentUrl":"http:\/\/54.185.27.176\/\/var\/www\/wordpress\/elizabethforfortworth.com\/public_html\/wp-content\/uploads\/2020\/03\/aditya-romansa-5zp0jym2w9M-unsplash-1024x768.jpg"},{"@type":"BreadcrumbList","@id":"https:\/\/www.elizabethforfortworth.com\/priorities-media-and-text\/#breadcrumb","itemListElement":[{"@type":"ListItem","position":1,"name":"Home","item":"https:\/\/www.elizabethforfortworth.com\/"},{"@type":"ListItem","position":2,"name":"Priorities &#8211; old"}]},{"@type":"WebSite","@id":"https:\/\/www.elizabethforfortworth.com\/#website","url":"https:\/\/www.elizabethforfortworth.com\/","name":"Elizabeth Beck para el Distrito 9 del Ayuntamiento de Fort Worth","description":"","publisher":{"@id":"https:\/\/www.elizabethforfortworth.com\/#\/schema\/person\/ead1d8287bbd457281d0e4b65154a2ea"},"potentialAction":[{"@type":"SearchAction","target":{"@type":"EntryPoint","urlTemplate":"https:\/\/www.elizabethforfortworth.com\/?s={search_term_string}"},"query-input":{"@type":"PropertyValueSpecification","valueRequired":true,"valueName":"search_term_string"}}],"inLanguage":"es"},{"@type":["Person","Organization"],"@id":"https:\/\/www.elizabethforfortworth.com\/#\/schema\/person\/ead1d8287bbd457281d0e4b65154a2ea","name":"Elizabeth Beck","image":{"@type":"ImageObject","inLanguage":"es","@id":"https:\/\/www.elizabethforfortworth.com\/wp-content\/uploads\/2020\/08\/elizabeth-beck-3700-scaled.jpg","url":"https:\/\/www.elizabethforfortworth.com\/wp-content\/uploads\/2020\/08\/elizabeth-beck-3700-scaled.jpg","contentUrl":"https:\/\/www.elizabethforfortworth.com\/wp-content\/uploads\/2020\/08\/elizabeth-beck-3700-scaled.jpg","width":2560,"height":1709,"caption":"Elizabeth Beck"},"logo":{"@id":"https:\/\/www.elizabethforfortworth.com\/wp-content\/uploads\/2020\/08\/elizabeth-beck-3700-scaled.jpg"}}]}},"jetpack_sharing_enabled":true,"_links":{"self":[{"href":"https:\/\/www.elizabethforfortworth.com\/es\/wp-json\/wp\/v2\/pages\/14","targetHints":{"allow":["GET"]}}],"collection":[{"href":"https:\/\/www.elizabethforfortworth.com\/es\/wp-json\/wp\/v2\/pages"}],"about":[{"href":"https:\/\/www.elizabethforfortworth.com\/es\/wp-json\/wp\/v2\/types\/page"}],"author":[{"embeddable":true,"href":"https:\/\/www.elizabethforfortworth.com\/es\/wp-json\/wp\/v2\/users\/2"}],"replies":[{"embeddable":true,"href":"https:\/\/www.elizabethforfortworth.com\/es\/wp-json\/wp\/v2\/comments?post=14"}],"version-history":[{"count":19,"href":"https:\/\/www.elizabethforfortworth.com\/es\/wp-json\/wp\/v2\/pages\/14\/revisions"}],"predecessor-version":[{"id":2396,"href":"https:\/\/www.elizabethforfortworth.com\/es\/wp-json\/wp\/v2\/pages\/14\/revisions\/2396"}],"wp:attachment":[{"href":"https:\/\/www.elizabethforfortworth.com\/es\/wp-json\/wp\/v2\/media?parent=14"}],"curies":[{"name":"wp","href":"https:\/\/api.w.org\/{rel}","templated":true}]}}