{"id":2390,"date":"2021-03-27T02:08:46","date_gmt":"2021-03-27T02:08:46","guid":{"rendered":"https:\/\/www.elizabethforfortworth.com\/?page_id=2390"},"modified":"2023-03-23T21:22:44","modified_gmt":"2023-03-23T21:22:44","slug":"priorities","status":"publish","type":"page","link":"https:\/\/www.elizabethforfortworth.com\/es\/priorities\/","title":{"rendered":"Prioridades para el Distrito 9"},"content":{"rendered":"<figure class=\"wp-block-pullquote alignfull\"><blockquote><p>Elizabeth crear\u00e1 una econom\u00eda m\u00e1s pr\u00f3spera para todos, a trav\u00e9s de excelentes escuelas, viviendas asequibles y diversidad de la fuerza laboral. Ella cree que el liderazgo requiere el coraje para dar un paso adelante para liderar y la sabidur\u00eda para saber cu\u00e1ndo escuchar y aprender. Como su pr\u00f3xima concejala, Elizabeth trabajar\u00e1 por oportunidades para todos.<\/p><\/blockquote><\/figure>\n\n\n\n<div class=\"wp-block-coblocks-media-card alignwide is-style-left is-stacked-on-mobile coblocks-media-card-226212755665\"><div class=\"wp-block-coblocks-media-card__inner has-red-background-color has-background has-padding has-medium-padding\"><div class=\"wp-block-coblocks-media-card__wrapper\"><figure class=\"wp-block-coblocks-media-card__media\"><img decoding=\"async\" width=\"1024\" height=\"683\" data-src=\"https:\/\/www.elizabethforfortworth.com\/wp-content\/uploads\/2021\/03\/intro-1024x683.jpg\" alt=\"\" class=\"wp-image-2429 lazyload\" data-srcset=\"https:\/\/www.elizabethforfortworth.com\/wp-content\/uploads\/2021\/03\/intro-1024x683.jpg 1024w, https:\/\/www.elizabethforfortworth.com\/wp-content\/uploads\/2021\/03\/intro-300x200.jpg 300w, https:\/\/www.elizabethforfortworth.com\/wp-content\/uploads\/2021\/03\/intro-768x512.jpg 768w, https:\/\/www.elizabethforfortworth.com\/wp-content\/uploads\/2021\/03\/intro-1536x1025.jpg 1536w, https:\/\/www.elizabethforfortworth.com\/wp-content\/uploads\/2021\/03\/intro.jpg 2000w\" data-sizes=\"(max-width: 1024px) 100vw, 1024px\" src=\"data:image\/svg+xml;base64,PHN2ZyB3aWR0aD0iMSIgaGVpZ2h0PSIxIiB4bWxucz0iaHR0cDovL3d3dy53My5vcmcvMjAwMC9zdmciPjwvc3ZnPg==\" style=\"--smush-placeholder-width: 1024px; --smush-placeholder-aspect-ratio: 1024\/683;\" \/><\/figure><div class=\"wp-block-coblocks-media-card__content\">\n<div class=\"wp-block-coblocks-row coblocks-row-226212755699\" data-columns=\"1\" data-layout=\"100\"><div class=\"wp-block-coblocks-row__inner has-background has-padding has-huge-padding has-no-margin is-stacked-on-mobile has-medium-gutter\" style=\"background-color:#FFFFFF\">\n<div class=\"wp-block-coblocks-column coblocks-column-226212755701\" style=\"width:100%\"><div class=\"wp-block-coblocks-column__inner has-no-padding has-no-margin\">\n<h3 class=\"wp-block-heading\">Creando un m\u00e1s&nbsp;<strong>Centrado en Fort Worth<\/strong><br>Plan de desarrollo econ\u00f3mico<\/h3>\n\n\n\n<ul class=\"wp-block-list\">\n<li>Los vecindarios vibrantes del Distrito 9 y las organizaciones comunitarias activas se encuentran entre sus mayores activos. Elizabeth sabe que el desarrollo debe<strong> centrarse en mejorar y preservar los vecindarios<\/strong> as\u00ed como tambi\u00e9n <strong>prevenir el desplazamiento de residentes y negocios de larga data<\/strong>.&nbsp;<\/li>\n\n\n\n<li>Elizabeth cree que debemos crear una <strong>cultura del emprendimiento <\/strong>para que las empresas comiencen aqu\u00ed, prosperen aqu\u00ed y retribuyan aqu\u00ed.&nbsp;<\/li>\n\n\n\n<li>Elizabeth cree que para que Fort Worth prospere debemos <strong>celebrar nuestra diversidad<\/strong> y crear un ambiente donde cada residente y cada vecindario tenga esperanza y oportunidad.<\/li>\n<\/ul>\n<\/div><\/div>\n<\/div><\/div>\n<\/div><\/div><\/div><\/div>\n\n\n\n<div class=\"wp-block-coblocks-media-card alignwide is-style-right is-stacked-on-mobile coblocks-media-card-226212932686\"><div class=\"wp-block-coblocks-media-card__inner has-blue-background-color has-background has-padding has-medium-padding\"><div class=\"wp-block-coblocks-media-card__wrapper\"><figure class=\"wp-block-coblocks-media-card__media\"><img decoding=\"async\" width=\"1024\" height=\"576\" data-src=\"https:\/\/www.elizabethforfortworth.com\/wp-content\/uploads\/2021\/03\/west-7th-sinkhole-1024x576.jpg\" alt=\"\" class=\"wp-image-2397 lazyload\" data-srcset=\"https:\/\/www.elizabethforfortworth.com\/wp-content\/uploads\/2021\/03\/west-7th-sinkhole-1024x576.jpg 1024w, https:\/\/www.elizabethforfortworth.com\/wp-content\/uploads\/2021\/03\/west-7th-sinkhole-300x169.jpg 300w, https:\/\/www.elizabethforfortworth.com\/wp-content\/uploads\/2021\/03\/west-7th-sinkhole-768x432.jpg 768w, https:\/\/www.elizabethforfortworth.com\/wp-content\/uploads\/2021\/03\/west-7th-sinkhole.jpg 1280w\" data-sizes=\"(max-width: 1024px) 100vw, 1024px\" src=\"data:image\/svg+xml;base64,PHN2ZyB3aWR0aD0iMSIgaGVpZ2h0PSIxIiB4bWxucz0iaHR0cDovL3d3dy53My5vcmcvMjAwMC9zdmciPjwvc3ZnPg==\" style=\"--smush-placeholder-width: 1024px; --smush-placeholder-aspect-ratio: 1024\/576;\" \/><\/figure><div class=\"wp-block-coblocks-media-card__content\">\n<div class=\"wp-block-coblocks-row coblocks-row-226212932723\" data-columns=\"1\" data-layout=\"100\"><div class=\"wp-block-coblocks-row__inner has-background has-padding has-huge-padding has-no-margin is-stacked-on-mobile has-medium-gutter\" style=\"background-color:#FFFFFF\">\n<div class=\"wp-block-coblocks-column coblocks-column-226212932724\" style=\"width:100%\"><div class=\"wp-block-coblocks-column__inner has-no-padding has-no-margin\">\n<h3 class=\"wp-block-heading\"><strong>Invertir en infraestructura y servicios de la ciudad<\/strong><\/h3>\n\n\n\n<ul class=\"wp-block-list\">\n<li>La reciente devastaci\u00f3n causada por las tormentas invernales nunca deber\u00eda volver a ocurrir. Elizabeth se asegurar\u00e1 de que Fort Worth invierta en una mayor <strong>infraestructura resiliente<\/strong>.&nbsp;<\/li>\n\n\n\n<li>&nbsp;Elizabeth modernizar\u00e1 las operaciones del gobierno de la ciudad para brindar a los residentes un nivel de servicio m\u00e1s eficiente y receptivo y reducir el desperdicio.&nbsp;<\/li>\n\n\n\n<li>Fort Worth ha gobernado solo por hoy y se ha anclado al pasado. Debemos planificar para el futuro y Elizabeth se asegurar\u00e1 de que estemos <strong>invertir hoy para acomodar y fomentar nuestro crecimiento futuro<\/strong>.<\/li>\n<\/ul>\n<\/div><\/div>\n<\/div><\/div>\n<\/div><\/div><\/div><\/div>\n\n\n\n<div class=\"wp-block-coblocks-media-card alignwide is-style-left is-stacked-on-mobile coblocks-media-card-226213016484\"><div class=\"wp-block-coblocks-media-card__inner has-red-background-color has-background has-padding has-medium-padding\"><div class=\"wp-block-coblocks-media-card__wrapper\"><figure class=\"wp-block-coblocks-media-card__media\"><img decoding=\"async\" width=\"1024\" height=\"683\" data-src=\"https:\/\/www.elizabethforfortworth.com\/wp-content\/uploads\/2021\/03\/erik-mclean-cIOwoljvd_Q-unsplash-1-1024x683.jpg\" alt=\"\" class=\"wp-image-2419 lazyload\" data-srcset=\"https:\/\/www.elizabethforfortworth.com\/wp-content\/uploads\/2021\/03\/erik-mclean-cIOwoljvd_Q-unsplash-1-1024x683.jpg 1024w, https:\/\/www.elizabethforfortworth.com\/wp-content\/uploads\/2021\/03\/erik-mclean-cIOwoljvd_Q-unsplash-1-300x200.jpg 300w, https:\/\/www.elizabethforfortworth.com\/wp-content\/uploads\/2021\/03\/erik-mclean-cIOwoljvd_Q-unsplash-1-768x512.jpg 768w, https:\/\/www.elizabethforfortworth.com\/wp-content\/uploads\/2021\/03\/erik-mclean-cIOwoljvd_Q-unsplash-1-1536x1024.jpg 1536w, https:\/\/www.elizabethforfortworth.com\/wp-content\/uploads\/2021\/03\/erik-mclean-cIOwoljvd_Q-unsplash-1-2048x1365.jpg 2048w\" data-sizes=\"(max-width: 1024px) 100vw, 1024px\" src=\"data:image\/svg+xml;base64,PHN2ZyB3aWR0aD0iMSIgaGVpZ2h0PSIxIiB4bWxucz0iaHR0cDovL3d3dy53My5vcmcvMjAwMC9zdmciPjwvc3ZnPg==\" style=\"--smush-placeholder-width: 1024px; --smush-placeholder-aspect-ratio: 1024\/683;\" \/><\/figure><div class=\"wp-block-coblocks-media-card__content\">\n<div class=\"wp-block-coblocks-row coblocks-row-226213016519\" data-columns=\"1\" data-layout=\"100\"><div class=\"wp-block-coblocks-row__inner has-background has-padding has-huge-padding has-no-margin is-stacked-on-mobile has-medium-gutter\" style=\"background-color:#FFFFFF\">\n<div class=\"wp-block-coblocks-column coblocks-column-226213016520\" style=\"width:100%\"><div class=\"wp-block-coblocks-column__inner has-no-padding has-no-margin\">\n<h3 class=\"wp-block-heading\"><strong>Mantener la asequibilidad y la calidad de vida<\/strong><\/h3>\n\n\n\n<p>El aumento de los alquileres, el aumento del valor de las viviendas y los altos impuestos a la propiedad est\u00e1n creando una crisis de viviendas asequibles en Fort Worth. Elizabeth se centrar\u00e1 en una combinaci\u00f3n de viviendas que mantenga a Fort Worth como un lugar asequible y acogedor para todos.<\/p>\n<\/div><\/div>\n<\/div><\/div>\n<\/div><\/div><\/div><\/div>\n\n\n\n<div class=\"wp-block-coblocks-media-card alignwide is-style-right is-stacked-on-mobile coblocks-media-card-226213555237\"><div class=\"wp-block-coblocks-media-card__inner has-blue-background-color has-background has-padding has-medium-padding\"><div class=\"wp-block-coblocks-media-card__wrapper\"><figure class=\"wp-block-coblocks-media-card__media\"><img decoding=\"async\" width=\"1024\" height=\"683\" data-src=\"https:\/\/www.elizabethforfortworth.com\/wp-content\/uploads\/2021\/03\/anwaar-ali-Aax_R3pUyzs-unsplash-1-1024x683.jpg\" alt=\"\" class=\"wp-image-2424 lazyload\" data-srcset=\"https:\/\/www.elizabethforfortworth.com\/wp-content\/uploads\/2021\/03\/anwaar-ali-Aax_R3pUyzs-unsplash-1-1024x683.jpg 1024w, https:\/\/www.elizabethforfortworth.com\/wp-content\/uploads\/2021\/03\/anwaar-ali-Aax_R3pUyzs-unsplash-1-300x200.jpg 300w, https:\/\/www.elizabethforfortworth.com\/wp-content\/uploads\/2021\/03\/anwaar-ali-Aax_R3pUyzs-unsplash-1-768x512.jpg 768w, https:\/\/www.elizabethforfortworth.com\/wp-content\/uploads\/2021\/03\/anwaar-ali-Aax_R3pUyzs-unsplash-1-1536x1024.jpg 1536w, https:\/\/www.elizabethforfortworth.com\/wp-content\/uploads\/2021\/03\/anwaar-ali-Aax_R3pUyzs-unsplash-1-2048x1365.jpg 2048w\" data-sizes=\"(max-width: 1024px) 100vw, 1024px\" src=\"data:image\/svg+xml;base64,PHN2ZyB3aWR0aD0iMSIgaGVpZ2h0PSIxIiB4bWxucz0iaHR0cDovL3d3dy53My5vcmcvMjAwMC9zdmciPjwvc3ZnPg==\" style=\"--smush-placeholder-width: 1024px; --smush-placeholder-aspect-ratio: 1024\/683;\" \/><\/figure><div class=\"wp-block-coblocks-media-card__content\">\n<div class=\"wp-block-coblocks-row coblocks-row-226213555277\" data-columns=\"1\" data-layout=\"100\"><div class=\"wp-block-coblocks-row__inner has-background has-padding has-huge-padding has-no-margin is-stacked-on-mobile has-medium-gutter\" style=\"background-color:#FFFFFF\">\n<div class=\"wp-block-coblocks-column coblocks-column-226213555279\" style=\"width:100%\"><div class=\"wp-block-coblocks-column__inner has-no-padding has-no-margin\">\n<h3 class=\"wp-block-heading\"><strong>Seguridad p\u00fablica y vigilancia<\/strong><\/h3>\n\n\n\n<p>Elizabeth se dedica a ser inteligente con el crimen, invertir en nuestros vecindarios y encontrar viviendas permanentes para las personas sin hogar sin aumentar los impuestos a la propiedad. Es por eso que continuar\u00e1 apoyando a nuestros socorristas y trabajar\u00e1 para brindar una ciudad m\u00e1s segura y pr\u00f3spera.<\/p>\n<\/div><\/div>\n<\/div><\/div>\n<\/div><\/div><\/div><\/div>","protected":false},"excerpt":{"rendered":"<p>Elizabeth crear\u00e1 una econom\u00eda m\u00e1s pr\u00f3spera para todos, a trav\u00e9s de excelentes escuelas, viviendas asequibles y diversidad de la fuerza laboral. Ella cree que el liderazgo requiere el coraje para dar un paso adelante para liderar y la sabidur\u00eda para saber cu\u00e1ndo escuchar y aprender. Como su pr\u00f3xima concejala, Elizabeth trabajar\u00e1 por oportunidades para todos.<\/p>","protected":false},"author":8,"featured_media":0,"parent":0,"menu_order":0,"comment_status":"closed","ping_status":"closed","template":"","meta":{"tfcblocks_gb_metabox":"","_coblocks_attr":"","_coblocks_dimensions":"","_coblocks_responsive_height":"","_coblocks_accordion_ie_support":"","inline_featured_image":false,"footnotes":""},"class_list":["post-2390","page","type-page","status-publish","hentry"],"yoast_head":"<!-- This site is optimized with the Yoast SEO plugin v27.3 - https:\/\/yoast.com\/product\/yoast-seo-wordpress\/ -->\n<title>Priorities for District 9 - Elizabeth Beck for Fort Worth City Council District 9<\/title>\n<meta name=\"robots\" content=\"index, follow, max-snippet:-1, max-image-preview:large, max-video-preview:-1\" \/>\n<link rel=\"canonical\" href=\"https:\/\/www.elizabethforfortworth.com\/es\/priorities\/\" \/>\n<meta property=\"og:locale\" content=\"es_MX\" \/>\n<meta property=\"og:type\" content=\"article\" \/>\n<meta property=\"og:title\" content=\"Priorities for District 9 - Elizabeth Beck for Fort Worth City Council District 9\" \/>\n<meta property=\"og:description\" content=\"Elizabeth will create a more prosperous economy for everyone, through great schools, affordable housing, and workforce diversity.&nbsp;She believes leadership requires the courage to step forward to lead, and the wisdom to know when to listen and learn. As your next Councilwoman, Elizabeth will work for opportunity for everyone.\" \/>\n<meta property=\"og:url\" content=\"https:\/\/www.elizabethforfortworth.com\/es\/priorities\/\" \/>\n<meta property=\"og:site_name\" content=\"Elizabeth Beck for Fort Worth City Council District 9\" \/>\n<meta property=\"article:modified_time\" content=\"2023-03-23T21:22:44+00:00\" \/>\n<meta property=\"og:image\" content=\"https:\/\/www.elizabethforfortworth.com\/wp-content\/uploads\/2021\/03\/intro-1024x683.jpg\" \/>\n<meta name=\"twitter:card\" content=\"summary_large_image\" \/>\n<meta name=\"twitter:label1\" content=\"Tiempo de lectura\" \/>\n\t<meta name=\"twitter:data1\" content=\"3 minutos\" \/>\n<script type=\"application\/ld+json\" class=\"yoast-schema-graph\">{\"@context\":\"https:\\\/\\\/schema.org\",\"@graph\":[{\"@type\":\"WebPage\",\"@id\":\"https:\\\/\\\/www.elizabethforfortworth.com\\\/priorities\\\/\",\"url\":\"https:\\\/\\\/www.elizabethforfortworth.com\\\/priorities\\\/\",\"name\":\"Priorities for District 9 - Elizabeth Beck for Fort Worth City Council District 9\",\"isPartOf\":{\"@id\":\"https:\\\/\\\/www.elizabethforfortworth.com\\\/#website\"},\"primaryImageOfPage\":{\"@id\":\"https:\\\/\\\/www.elizabethforfortworth.com\\\/priorities\\\/#primaryimage\"},\"image\":{\"@id\":\"https:\\\/\\\/www.elizabethforfortworth.com\\\/priorities\\\/#primaryimage\"},\"thumbnailUrl\":\"https:\\\/\\\/www.elizabethforfortworth.com\\\/wp-content\\\/uploads\\\/2021\\\/03\\\/intro-1024x683.jpg\",\"datePublished\":\"2021-03-27T02:08:46+00:00\",\"dateModified\":\"2023-03-23T21:22:44+00:00\",\"breadcrumb\":{\"@id\":\"https:\\\/\\\/www.elizabethforfortworth.com\\\/priorities\\\/#breadcrumb\"},\"inLanguage\":\"es\",\"potentialAction\":[{\"@type\":\"ReadAction\",\"target\":[\"https:\\\/\\\/www.elizabethforfortworth.com\\\/priorities\\\/\"]}]},{\"@type\":\"ImageObject\",\"inLanguage\":\"es\",\"@id\":\"https:\\\/\\\/www.elizabethforfortworth.com\\\/priorities\\\/#primaryimage\",\"url\":\"https:\\\/\\\/www.elizabethforfortworth.com\\\/wp-content\\\/uploads\\\/2021\\\/03\\\/intro-1024x683.jpg\",\"contentUrl\":\"https:\\\/\\\/www.elizabethforfortworth.com\\\/wp-content\\\/uploads\\\/2021\\\/03\\\/intro-1024x683.jpg\"},{\"@type\":\"BreadcrumbList\",\"@id\":\"https:\\\/\\\/www.elizabethforfortworth.com\\\/priorities\\\/#breadcrumb\",\"itemListElement\":[{\"@type\":\"ListItem\",\"position\":1,\"name\":\"Home\",\"item\":\"https:\\\/\\\/www.elizabethforfortworth.com\\\/\"},{\"@type\":\"ListItem\",\"position\":2,\"name\":\"Priorities for District 9\"}]},{\"@type\":\"WebSite\",\"@id\":\"https:\\\/\\\/www.elizabethforfortworth.com\\\/#website\",\"url\":\"https:\\\/\\\/www.elizabethforfortworth.com\\\/\",\"name\":\"Elizabeth Beck for Fort Worth City Council District 9\",\"description\":\"\",\"publisher\":{\"@id\":\"https:\\\/\\\/www.elizabethforfortworth.com\\\/#\\\/schema\\\/person\\\/ead1d8287bbd457281d0e4b65154a2ea\"},\"potentialAction\":[{\"@type\":\"SearchAction\",\"target\":{\"@type\":\"EntryPoint\",\"urlTemplate\":\"https:\\\/\\\/www.elizabethforfortworth.com\\\/?s={search_term_string}\"},\"query-input\":{\"@type\":\"PropertyValueSpecification\",\"valueRequired\":true,\"valueName\":\"search_term_string\"}}],\"inLanguage\":\"es\"},{\"@type\":[\"Person\",\"Organization\"],\"@id\":\"https:\\\/\\\/www.elizabethforfortworth.com\\\/#\\\/schema\\\/person\\\/ead1d8287bbd457281d0e4b65154a2ea\",\"name\":\"Elizabeth Beck\",\"image\":{\"@type\":\"ImageObject\",\"inLanguage\":\"es\",\"@id\":\"https:\\\/\\\/www.elizabethforfortworth.com\\\/wp-content\\\/uploads\\\/2020\\\/08\\\/elizabeth-beck-3700-scaled.jpg\",\"url\":\"https:\\\/\\\/www.elizabethforfortworth.com\\\/wp-content\\\/uploads\\\/2020\\\/08\\\/elizabeth-beck-3700-scaled.jpg\",\"contentUrl\":\"https:\\\/\\\/www.elizabethforfortworth.com\\\/wp-content\\\/uploads\\\/2020\\\/08\\\/elizabeth-beck-3700-scaled.jpg\",\"width\":2560,\"height\":1709,\"caption\":\"Elizabeth Beck\"},\"logo\":{\"@id\":\"https:\\\/\\\/www.elizabethforfortworth.com\\\/wp-content\\\/uploads\\\/2020\\\/08\\\/elizabeth-beck-3700-scaled.jpg\"}}]}<\/script>\n<!-- \/ Yoast SEO plugin. -->","yoast_head_json":{"title":"Prioridades para el Distrito 9 - Elizabeth Beck para el Distrito 9 del Concejo Municipal de Fort Worth","robots":{"index":"index","follow":"follow","max-snippet":"max-snippet:-1","max-image-preview":"max-image-preview:large","max-video-preview":"max-video-preview:-1"},"canonical":"https:\/\/www.elizabethforfortworth.com\/es\/priorities\/","og_locale":"es_MX","og_type":"article","og_title":"Priorities for District 9 - Elizabeth Beck for Fort Worth City Council District 9","og_description":"Elizabeth will create a more prosperous economy for everyone, through great schools, affordable housing, and workforce diversity.&nbsp;She believes leadership requires the courage to step forward to lead, and the wisdom to know when to listen and learn. As your next Councilwoman, Elizabeth will work for opportunity for everyone.","og_url":"https:\/\/www.elizabethforfortworth.com\/es\/priorities\/","og_site_name":"Elizabeth Beck for Fort Worth City Council District 9","article_modified_time":"2023-03-23T21:22:44+00:00","og_image":[{"url":"https:\/\/www.elizabethforfortworth.com\/wp-content\/uploads\/2021\/03\/intro-1024x683.jpg","type":"","width":"","height":""}],"twitter_card":"summary_large_image","twitter_misc":{"Tiempo de lectura":"3 minutos"},"schema":{"@context":"https:\/\/schema.org","@graph":[{"@type":"WebPage","@id":"https:\/\/www.elizabethforfortworth.com\/priorities\/","url":"https:\/\/www.elizabethforfortworth.com\/priorities\/","name":"Prioridades para el Distrito 9 - Elizabeth Beck para el Distrito 9 del Concejo Municipal de Fort Worth","isPartOf":{"@id":"https:\/\/www.elizabethforfortworth.com\/#website"},"primaryImageOfPage":{"@id":"https:\/\/www.elizabethforfortworth.com\/priorities\/#primaryimage"},"image":{"@id":"https:\/\/www.elizabethforfortworth.com\/priorities\/#primaryimage"},"thumbnailUrl":"https:\/\/www.elizabethforfortworth.com\/wp-content\/uploads\/2021\/03\/intro-1024x683.jpg","datePublished":"2021-03-27T02:08:46+00:00","dateModified":"2023-03-23T21:22:44+00:00","breadcrumb":{"@id":"https:\/\/www.elizabethforfortworth.com\/priorities\/#breadcrumb"},"inLanguage":"es","potentialAction":[{"@type":"ReadAction","target":["https:\/\/www.elizabethforfortworth.com\/priorities\/"]}]},{"@type":"ImageObject","inLanguage":"es","@id":"https:\/\/www.elizabethforfortworth.com\/priorities\/#primaryimage","url":"https:\/\/www.elizabethforfortworth.com\/wp-content\/uploads\/2021\/03\/intro-1024x683.jpg","contentUrl":"https:\/\/www.elizabethforfortworth.com\/wp-content\/uploads\/2021\/03\/intro-1024x683.jpg"},{"@type":"BreadcrumbList","@id":"https:\/\/www.elizabethforfortworth.com\/priorities\/#breadcrumb","itemListElement":[{"@type":"ListItem","position":1,"name":"Home","item":"https:\/\/www.elizabethforfortworth.com\/"},{"@type":"ListItem","position":2,"name":"Priorities for District 9"}]},{"@type":"WebSite","@id":"https:\/\/www.elizabethforfortworth.com\/#website","url":"https:\/\/www.elizabethforfortworth.com\/","name":"Elizabeth Beck para el Distrito 9 del Ayuntamiento de Fort Worth","description":"","publisher":{"@id":"https:\/\/www.elizabethforfortworth.com\/#\/schema\/person\/ead1d8287bbd457281d0e4b65154a2ea"},"potentialAction":[{"@type":"SearchAction","target":{"@type":"EntryPoint","urlTemplate":"https:\/\/www.elizabethforfortworth.com\/?s={search_term_string}"},"query-input":{"@type":"PropertyValueSpecification","valueRequired":true,"valueName":"search_term_string"}}],"inLanguage":"es"},{"@type":["Person","Organization"],"@id":"https:\/\/www.elizabethforfortworth.com\/#\/schema\/person\/ead1d8287bbd457281d0e4b65154a2ea","name":"Elizabeth Beck","image":{"@type":"ImageObject","inLanguage":"es","@id":"https:\/\/www.elizabethforfortworth.com\/wp-content\/uploads\/2020\/08\/elizabeth-beck-3700-scaled.jpg","url":"https:\/\/www.elizabethforfortworth.com\/wp-content\/uploads\/2020\/08\/elizabeth-beck-3700-scaled.jpg","contentUrl":"https:\/\/www.elizabethforfortworth.com\/wp-content\/uploads\/2020\/08\/elizabeth-beck-3700-scaled.jpg","width":2560,"height":1709,"caption":"Elizabeth Beck"},"logo":{"@id":"https:\/\/www.elizabethforfortworth.com\/wp-content\/uploads\/2020\/08\/elizabeth-beck-3700-scaled.jpg"}}]}},"jetpack_sharing_enabled":true,"_links":{"self":[{"href":"https:\/\/www.elizabethforfortworth.com\/es\/wp-json\/wp\/v2\/pages\/2390","targetHints":{"allow":["GET"]}}],"collection":[{"href":"https:\/\/www.elizabethforfortworth.com\/es\/wp-json\/wp\/v2\/pages"}],"about":[{"href":"https:\/\/www.elizabethforfortworth.com\/es\/wp-json\/wp\/v2\/types\/page"}],"author":[{"embeddable":true,"href":"https:\/\/www.elizabethforfortworth.com\/es\/wp-json\/wp\/v2\/users\/8"}],"replies":[{"embeddable":true,"href":"https:\/\/www.elizabethforfortworth.com\/es\/wp-json\/wp\/v2\/comments?post=2390"}],"version-history":[{"count":24,"href":"https:\/\/www.elizabethforfortworth.com\/es\/wp-json\/wp\/v2\/pages\/2390\/revisions"}],"predecessor-version":[{"id":2468,"href":"https:\/\/www.elizabethforfortworth.com\/es\/wp-json\/wp\/v2\/pages\/2390\/revisions\/2468"}],"wp:attachment":[{"href":"https:\/\/www.elizabethforfortworth.com\/es\/wp-json\/wp\/v2\/media?parent=2390"}],"curies":[{"name":"wp","href":"https:\/\/api.w.org\/{rel}","templated":true}]}}