{"id":41,"date":"2019-02-15T23:38:32","date_gmt":"2019-02-15T23:38:32","guid":{"rendered":"http:\/\/tfc.wpadev.io\/?page_id=41"},"modified":"2019-02-15T23:38:32","modified_gmt":"2019-02-15T23:38:32","slug":"events","status":"publish","type":"page","link":"https:\/\/www.elizabethforfortworth.com\/es\/events\/","title":{"rendered":"Pr\u00f3ximos Eventos"},"content":{"rendered":"<p><strong>USE ESTA P\u00c1GINA O ENLACE DIRECTAMENTE A LA P\u00c1GINA DEL EVENTO DE FACEBOOK DEL CANDIDATO<\/strong><br>Asista a los pr\u00f3ximos eventos de campa\u00f1a de Candidate para apoyar su candidatura al Senado de California. \u00bfInteresado en ser voluntario o ser anfitri\u00f3n de un evento? Echa un vistazo a nuestro <a href=\"https:\/\/patelv.dream.press\/get-involved\/\">Invol\u00facrese<\/a> para obtener m\u00e1s informaci\u00f3n sobre c\u00f3mo puede ser parte del Equipo Candidato. <\/p>\n\n\n\n<hr class=\"wp-block-separator is-style-wide\"\/>\n\n\n\n<h3 class=\"wp-block-heading\">agosto<\/h3>\n\n\n\n<p class=\"has-medium-font-size\"><strong>Conocer y saludar <\/strong><br>Fecha:<br>Ubicaci\u00f3n<\/p>\n\n\n\n<div class=\"wp-block-button\"><a class=\"wp-block-button__link has-text-color has-white-color has-background has-blue-background-color\">RSVP<\/a><\/div>","protected":false},"excerpt":{"rendered":"<p>USE ESTA P\u00c1GINA O ENLACE DIRECTAMENTE A LA P\u00c1GINA DE EVENTOS DE FACEBOOK DE LA CANDIDATA Asista a los pr\u00f3ximos eventos de campa\u00f1a de la candidata para apoyar su candidatura al Senado de California. \u00bfInteresado en ser voluntario o en organizar un evento? Consulte nuestra p\u00e1gina Invol\u00facrese para obtener m\u00e1s informaci\u00f3n sobre c\u00f3mo puede ser parte de Team Candidate. Fecha de encuentro y saludo de agosto: Ubicaci\u00f3n<\/p>","protected":false},"author":2,"featured_media":0,"parent":0,"menu_order":0,"comment_status":"closed","ping_status":"closed","template":"","meta":{"tfcblocks_gb_metabox":"","_coblocks_attr":"","_coblocks_dimensions":"","_coblocks_responsive_height":"","_coblocks_accordion_ie_support":"","inline_featured_image":false,"footnotes":""},"class_list":["post-41","page","type-page","status-publish","hentry"],"yoast_head":"<!-- This site is optimized with the Yoast SEO plugin v27.3 - https:\/\/yoast.com\/product\/yoast-seo-wordpress\/ -->\n<title>Upcoming Events - Elizabeth Beck for Fort Worth City Council District 9<\/title>\n<meta name=\"robots\" content=\"index, follow, max-snippet:-1, max-image-preview:large, max-video-preview:-1\" \/>\n<link rel=\"canonical\" href=\"https:\/\/www.elizabethforfortworth.com\/es\/events\/\" \/>\n<meta property=\"og:locale\" content=\"es_MX\" \/>\n<meta property=\"og:type\" content=\"article\" \/>\n<meta property=\"og:title\" content=\"Upcoming Events - Elizabeth Beck for Fort Worth City Council District 9\" \/>\n<meta property=\"og:description\" content=\"USE THIS PAGE OR LINK DIRECTLY TO CANDIDATE&#8217;S FACEBOOK EVENT PAGEAttend Candidate\u2019s upcoming campaign events to support her run for California Senate. Interested in volunteering or hosting an event? Check out our Get Involved page to learn more about how you can be a part of Team Candidate. August Meet &amp; Greet Date:Location\" \/>\n<meta property=\"og:url\" content=\"https:\/\/www.elizabethforfortworth.com\/es\/events\/\" \/>\n<meta property=\"og:site_name\" content=\"Elizabeth Beck for Fort Worth City Council District 9\" \/>\n<meta name=\"twitter:card\" content=\"summary_large_image\" \/>\n<script type=\"application\/ld+json\" class=\"yoast-schema-graph\">{\"@context\":\"https:\\\/\\\/schema.org\",\"@graph\":[{\"@type\":\"WebPage\",\"@id\":\"https:\\\/\\\/www.elizabethforfortworth.com\\\/events\\\/\",\"url\":\"https:\\\/\\\/www.elizabethforfortworth.com\\\/events\\\/\",\"name\":\"Upcoming Events - Elizabeth Beck for Fort Worth City Council District 9\",\"isPartOf\":{\"@id\":\"https:\\\/\\\/www.elizabethforfortworth.com\\\/#website\"},\"datePublished\":\"2019-02-15T23:38:32+00:00\",\"breadcrumb\":{\"@id\":\"https:\\\/\\\/www.elizabethforfortworth.com\\\/events\\\/#breadcrumb\"},\"inLanguage\":\"es\",\"potentialAction\":[{\"@type\":\"ReadAction\",\"target\":[\"https:\\\/\\\/www.elizabethforfortworth.com\\\/events\\\/\"]}]},{\"@type\":\"BreadcrumbList\",\"@id\":\"https:\\\/\\\/www.elizabethforfortworth.com\\\/events\\\/#breadcrumb\",\"itemListElement\":[{\"@type\":\"ListItem\",\"position\":1,\"name\":\"Home\",\"item\":\"https:\\\/\\\/www.elizabethforfortworth.com\\\/\"},{\"@type\":\"ListItem\",\"position\":2,\"name\":\"Upcoming Events\"}]},{\"@type\":\"WebSite\",\"@id\":\"https:\\\/\\\/www.elizabethforfortworth.com\\\/#website\",\"url\":\"https:\\\/\\\/www.elizabethforfortworth.com\\\/\",\"name\":\"Elizabeth Beck for Fort Worth City Council District 9\",\"description\":\"\",\"publisher\":{\"@id\":\"https:\\\/\\\/www.elizabethforfortworth.com\\\/#\\\/schema\\\/person\\\/ead1d8287bbd457281d0e4b65154a2ea\"},\"potentialAction\":[{\"@type\":\"SearchAction\",\"target\":{\"@type\":\"EntryPoint\",\"urlTemplate\":\"https:\\\/\\\/www.elizabethforfortworth.com\\\/?s={search_term_string}\"},\"query-input\":{\"@type\":\"PropertyValueSpecification\",\"valueRequired\":true,\"valueName\":\"search_term_string\"}}],\"inLanguage\":\"es\"},{\"@type\":[\"Person\",\"Organization\"],\"@id\":\"https:\\\/\\\/www.elizabethforfortworth.com\\\/#\\\/schema\\\/person\\\/ead1d8287bbd457281d0e4b65154a2ea\",\"name\":\"Elizabeth Beck\",\"image\":{\"@type\":\"ImageObject\",\"inLanguage\":\"es\",\"@id\":\"https:\\\/\\\/www.elizabethforfortworth.com\\\/wp-content\\\/uploads\\\/2020\\\/08\\\/elizabeth-beck-3700-scaled.jpg\",\"url\":\"https:\\\/\\\/www.elizabethforfortworth.com\\\/wp-content\\\/uploads\\\/2020\\\/08\\\/elizabeth-beck-3700-scaled.jpg\",\"contentUrl\":\"https:\\\/\\\/www.elizabethforfortworth.com\\\/wp-content\\\/uploads\\\/2020\\\/08\\\/elizabeth-beck-3700-scaled.jpg\",\"width\":2560,\"height\":1709,\"caption\":\"Elizabeth Beck\"},\"logo\":{\"@id\":\"https:\\\/\\\/www.elizabethforfortworth.com\\\/wp-content\\\/uploads\\\/2020\\\/08\\\/elizabeth-beck-3700-scaled.jpg\"}}]}<\/script>\n<!-- \/ Yoast SEO plugin. -->","yoast_head_json":{"title":"Pr\u00f3ximos eventos - Elizabeth Beck para el Distrito 9 del Concejo Municipal de Fort Worth","robots":{"index":"index","follow":"follow","max-snippet":"max-snippet:-1","max-image-preview":"max-image-preview:large","max-video-preview":"max-video-preview:-1"},"canonical":"https:\/\/www.elizabethforfortworth.com\/es\/events\/","og_locale":"es_MX","og_type":"article","og_title":"Upcoming Events - Elizabeth Beck for Fort Worth City Council District 9","og_description":"USE THIS PAGE OR LINK DIRECTLY TO CANDIDATE&#8217;S FACEBOOK EVENT PAGEAttend Candidate\u2019s upcoming campaign events to support her run for California Senate. Interested in volunteering or hosting an event? Check out our Get Involved page to learn more about how you can be a part of Team Candidate. August Meet &amp; Greet Date:Location","og_url":"https:\/\/www.elizabethforfortworth.com\/es\/events\/","og_site_name":"Elizabeth Beck for Fort Worth City Council District 9","twitter_card":"summary_large_image","schema":{"@context":"https:\/\/schema.org","@graph":[{"@type":"WebPage","@id":"https:\/\/www.elizabethforfortworth.com\/events\/","url":"https:\/\/www.elizabethforfortworth.com\/events\/","name":"Pr\u00f3ximos eventos - Elizabeth Beck para el Distrito 9 del Concejo Municipal de Fort Worth","isPartOf":{"@id":"https:\/\/www.elizabethforfortworth.com\/#website"},"datePublished":"2019-02-15T23:38:32+00:00","breadcrumb":{"@id":"https:\/\/www.elizabethforfortworth.com\/events\/#breadcrumb"},"inLanguage":"es","potentialAction":[{"@type":"ReadAction","target":["https:\/\/www.elizabethforfortworth.com\/events\/"]}]},{"@type":"BreadcrumbList","@id":"https:\/\/www.elizabethforfortworth.com\/events\/#breadcrumb","itemListElement":[{"@type":"ListItem","position":1,"name":"Home","item":"https:\/\/www.elizabethforfortworth.com\/"},{"@type":"ListItem","position":2,"name":"Upcoming Events"}]},{"@type":"WebSite","@id":"https:\/\/www.elizabethforfortworth.com\/#website","url":"https:\/\/www.elizabethforfortworth.com\/","name":"Elizabeth Beck para el Distrito 9 del Ayuntamiento de Fort Worth","description":"","publisher":{"@id":"https:\/\/www.elizabethforfortworth.com\/#\/schema\/person\/ead1d8287bbd457281d0e4b65154a2ea"},"potentialAction":[{"@type":"SearchAction","target":{"@type":"EntryPoint","urlTemplate":"https:\/\/www.elizabethforfortworth.com\/?s={search_term_string}"},"query-input":{"@type":"PropertyValueSpecification","valueRequired":true,"valueName":"search_term_string"}}],"inLanguage":"es"},{"@type":["Person","Organization"],"@id":"https:\/\/www.elizabethforfortworth.com\/#\/schema\/person\/ead1d8287bbd457281d0e4b65154a2ea","name":"Elizabeth Beck","image":{"@type":"ImageObject","inLanguage":"es","@id":"https:\/\/www.elizabethforfortworth.com\/wp-content\/uploads\/2020\/08\/elizabeth-beck-3700-scaled.jpg","url":"https:\/\/www.elizabethforfortworth.com\/wp-content\/uploads\/2020\/08\/elizabeth-beck-3700-scaled.jpg","contentUrl":"https:\/\/www.elizabethforfortworth.com\/wp-content\/uploads\/2020\/08\/elizabeth-beck-3700-scaled.jpg","width":2560,"height":1709,"caption":"Elizabeth Beck"},"logo":{"@id":"https:\/\/www.elizabethforfortworth.com\/wp-content\/uploads\/2020\/08\/elizabeth-beck-3700-scaled.jpg"}}]}},"jetpack_sharing_enabled":true,"_links":{"self":[{"href":"https:\/\/www.elizabethforfortworth.com\/es\/wp-json\/wp\/v2\/pages\/41","targetHints":{"allow":["GET"]}}],"collection":[{"href":"https:\/\/www.elizabethforfortworth.com\/es\/wp-json\/wp\/v2\/pages"}],"about":[{"href":"https:\/\/www.elizabethforfortworth.com\/es\/wp-json\/wp\/v2\/types\/page"}],"author":[{"embeddable":true,"href":"https:\/\/www.elizabethforfortworth.com\/es\/wp-json\/wp\/v2\/users\/2"}],"replies":[{"embeddable":true,"href":"https:\/\/www.elizabethforfortworth.com\/es\/wp-json\/wp\/v2\/comments?post=41"}],"version-history":[{"count":0,"href":"https:\/\/www.elizabethforfortworth.com\/es\/wp-json\/wp\/v2\/pages\/41\/revisions"}],"wp:attachment":[{"href":"https:\/\/www.elizabethforfortworth.com\/es\/wp-json\/wp\/v2\/media?parent=41"}],"curies":[{"name":"wp","href":"https:\/\/api.w.org\/{rel}","templated":true}]}}