{"id":650,"date":"2019-03-16T13:58:40","date_gmt":"2019-03-16T13:58:40","guid":{"rendered":"http:\/\/54.218.26.216\/?page_id=650"},"modified":"2024-06-14T22:41:50","modified_gmt":"2024-06-14T22:41:50","slug":"home","status":"publish","type":"page","link":"https:\/\/www.elizabethforfortworth.com\/es\/","title":{"rendered":"Casa"},"content":{"rendered":"<div class=\"wp-block-cover alignfull is-light is-repeated has-background-dim-NaN header-image\" style=\"min-height:1056px;aspect-ratio:unset;\"><span aria-hidden=\"true\" class=\"wp-block-cover__background has-background-dim-0 has-background-dim\" style=\"background-color:#000000\"><\/span><div class=\"wp-block-cover__image-background wp-image-2278 is-repeated lazyload\" style=\"background-position:30% 21%;background-image:inherit\" data-bg-image=\"url(https:\/\/www.elizabethforfortworth.com\/wp-content\/uploads\/2020\/08\/crop-154-331-2065-1378-0-crop-0-0-2560-1709-0-crop-0-0-2560-1709-0-elizabeth-beck-3700-scaled.jpg)\"><\/div><div class=\"wp-block-cover__inner-container is-layout-flow wp-block-cover-is-layout-flow\">\n<div style=\"height:100px\" aria-hidden=\"true\" class=\"wp-block-spacer\"><\/div>\n\n\n\n<div class=\"wp-block-columns alignfull is-layout-flex wp-container-core-columns-is-layout-9d6595d7 wp-block-columns-is-layout-flex\">\n<div class=\"wp-block-column is-layout-flow wp-block-column-is-layout-flow\" style=\"flex-basis:33%\"><\/div>\n\n\n\n<div class=\"wp-block-column home-header-form is-layout-flow wp-block-column-is-layout-flow\" style=\"flex-basis:38%\">\n<h1 class=\"wp-block-heading\">L\u00edderes Lideran<\/h1>\n\n\n\n<h2 class=\"wp-block-heading has-text-align-center\">Vote a Elizabeth Beck por <br>Distrito 9 del Ayuntamiento de Fort Worth <\/h2>\n\n\n\n<figure class=\"wp-block-image alignfull size-full mb-0 mt-0\"><img decoding=\"async\" width=\"1663\" height=\"409\" data-src=\"https:\/\/www.elizabethforfortworth.com\/wp-content\/uploads\/2021\/02\/IMG-8822-1.png\" alt=\"\" class=\"wp-image-2210 lazyload\" data-srcset=\"https:\/\/www.elizabethforfortworth.com\/wp-content\/uploads\/2021\/02\/IMG-8822-1.png 1663w, https:\/\/www.elizabethforfortworth.com\/wp-content\/uploads\/2021\/02\/IMG-8822-1-300x74.png 300w, https:\/\/www.elizabethforfortworth.com\/wp-content\/uploads\/2021\/02\/IMG-8822-1-1024x252.png 1024w, https:\/\/www.elizabethforfortworth.com\/wp-content\/uploads\/2021\/02\/IMG-8822-1-768x189.png 768w, https:\/\/www.elizabethforfortworth.com\/wp-content\/uploads\/2021\/02\/IMG-8822-1-1536x378.png 1536w\" data-sizes=\"(max-width: 1663px) 100vw, 1663px\" src=\"data:image\/svg+xml;base64,PHN2ZyB3aWR0aD0iMSIgaGVpZ2h0PSIxIiB4bWxucz0iaHR0cDovL3d3dy53My5vcmcvMjAwMC9zdmciPjwvc3ZnPg==\" style=\"--smush-placeholder-width: 1663px; --smush-placeholder-aspect-ratio: 1663\/409;\" \/><\/figure>\n\n\n\n<p>Elizabeth Beck es madre soltera, veterana de la guerra de Irak, abogada y l\u00edder sirviente.<\/p>\n\n\n\n<script type=\"text\/javascript\" src=\"\/\/d3rse9xjbp8270.cloudfront.net\/at.js\"><\/script>\n<div class=\"ngp-form\" data-template=\"oberon\" data-id=\"-8754393553754387200\" data-endpoint=\"https:\/\/api.myngp.com\/\" data-formdef-endpoint=\"\/\/formdefs.s3.amazonaws.com\/api.myngp.com\" data-fastaction-endpoint=\"https:\/\/fastaction.ngpvan.com\/\" data-databag=\"everybody\" data-resource-path=\"https:\/\/d1aqhv4sn5kxtx.cloudfront.net\/\" data-inline-errors=\"true\" data-fastaction-nologin=\"true\" data-embed=\"true\"><\/div>\n<\/div>\n<\/div>\n\n\n\n<div style=\"height:100px\" aria-hidden=\"true\" class=\"wp-block-spacer\"><\/div>\n<\/div><\/div>\n\n\n\n<div class=\"wp-block-group alignfull home-act-blue has-pale-grey-background-color has-background mt-0\"><div class=\"wp-block-group__inner-container is-layout-flow wp-block-group-is-layout-flow\">\n<h2 class=\"wp-block-heading has-text-align-center\">Contribuya hoy para la pr\u00f3xima generaci\u00f3n de liderazgo de Fort Worth. <\/h2>\n\n\n\n<div class=\"wp-block-tfc-blocks-actblue aligncenter is-style-default\"><div class=\"buttons\" data-cols=\"200\"><a class=\"button other-amount\" style=\"border-color:#FFFFFF;color:#FFFFFF;background-color:#1478C6;flex-basis:200px\" role=\"button\" href=\"https:\/\/secure.actblue.com\/donate\/eb-webpage\">DONE HOY<\/a><\/div><\/div>\n<\/div><\/div>\n\n\n\n<figure class=\"wp-block-pullquote has-text-align-left alignfull has-background has-blue-background-color is-style-solid-color home-red-background has-white-color has-text-color\"><blockquote><p>Es hora de un verdadero liderazgo en Fort Worth. Necesitamos miembros del consejo que trabajen duro y que se remanguen y que luchen por el futuro de Fort Worth. Como orgullosa Fort Worthian y su pr\u00f3xima concejal, me asegurar\u00e9 de que Fort Worth sea un lugar donde nuestros negocios y nuestras comunidades converjan para crear un hogar vibrante para vivir, trabajar y divertirse.<\/p><cite>- Elizabeth Beck<\/cite><\/blockquote><\/figure>\n\n\n\n<div class=\"wp-block-group alignfull home-priorities-block mb-0 mt-0\"><div class=\"wp-block-group__inner-container is-layout-flow wp-block-group-is-layout-flow\">\n<h2 class=\"wp-block-heading\">Impulsado por Valores, no por Ideolog\u00eda<\/h2>\n\n\n\n<p class=\"has-red-color has-text-color\">Obtenga m\u00e1s informaci\u00f3n sobre las prioridades de Elizabeth para el Distrito 9 del Concejo Municipal.<\/p>\n<\/div><\/div>\n\n\n\n<div class=\"wp-block-columns alignfull do-you-live is-layout-flex wp-container-core-columns-is-layout-9d6595d7 wp-block-columns-is-layout-flex\">\n<div class=\"wp-block-column is-layout-flow wp-block-column-is-layout-flow\" style=\"flex-basis:50%\">\n<h2 class=\"wp-block-heading\">\u00bfVives en el Distrito 9 del Consejo?<\/h2>\n<\/div>\n\n\n\n<div class=\"wp-block-column is-layout-flow wp-block-column-is-layout-flow\" style=\"flex-basis:50%\">\n<div class=\"wp-block-button\"><a class=\"wp-block-button__link wp-element-button\" href=\"https:\/\/oneaddress.fortworthtexas.gov\" target=\"_blank\" rel=\"noreferrer noopener\">Vea quien lo representa<\/a><\/div>\n<\/div>\n<\/div>\n\n\n\n<div class=\"wp-block-columns alignfull campaign-updates-widget is-layout-flex wp-container-core-columns-is-layout-9d6595d7 wp-block-columns-is-layout-flex\">\n<div class=\"wp-block-column campaign-updates-widget-text is-layout-flow wp-block-column-is-layout-flow\" style=\"flex-basis:50%\">\n<h2 class=\"wp-block-heading\">\u00a1Hag\u00e1mos Esto!<br>Reg\u00edstrese para recibir actualizaciones de la campa\u00f1a<\/h2>\n<\/div>\n\n\n\n<div class=\"wp-block-column campaign-updates-widget-form is-layout-flow wp-block-column-is-layout-flow\" style=\"flex-basis:50%\">\n<script type=\"text\/javascript\" src=\"\/\/d3rse9xjbp8270.cloudfront.net\/at.js\"><\/script>\n<div class=\"ngp-form\" data-template=\"oberon\" data-id=\"-8754393553754387200\" data-endpoint=\"https:\/\/api.myngp.com\/\" data-formdef-endpoint=\"\/\/formdefs.s3.amazonaws.com\/api.myngp.com\" data-fastaction-endpoint=\"https:\/\/fastaction.ngpvan.com\/\" data-databag=\"everybody\" data-resource-path=\"https:\/\/d1aqhv4sn5kxtx.cloudfront.net\/\" data-inline-errors=\"true\" data-fastaction-nologin=\"true\" data-embed=\"true\"><\/div>\n<\/div>\n<\/div>","protected":false},"excerpt":{"rendered":"<p>Contribuya hoy para la pr\u00f3xima generaci\u00f3n de liderazgo de Fort Worth. Es hora de un verdadero liderazgo en Fort Worth. Necesitamos miembros del consejo que trabajen duro y que se remanguen y que luchen por el futuro de Fort Worth. Como orgullosa Fort Worthian y su pr\u00f3xima concejala, me asegurar\u00e9 de que Fort Worth sea un lugar donde nuestros dos negocios ...<\/p>\n<p><a href=\"https:\/\/www.elizabethforfortworth.com\/es\/\" class=\"custom-more-link\">Lee mas<\/a><\/p>","protected":false},"author":2,"featured_media":0,"parent":0,"menu_order":0,"comment_status":"closed","ping_status":"closed","template":"page-no-header.php","meta":{"tfcblocks_gb_metabox":"","_coblocks_attr":"","_coblocks_dimensions":"","_coblocks_responsive_height":"","_coblocks_accordion_ie_support":"","inline_featured_image":false,"footnotes":""},"class_list":["post-650","page","type-page","status-publish","hentry"],"yoast_head":"<!-- This site is optimized with the Yoast SEO plugin v27.3 - https:\/\/yoast.com\/product\/yoast-seo-wordpress\/ -->\n<title>Home - Elizabeth Beck for Fort Worth City Council District 9<\/title>\n<meta name=\"robots\" content=\"index, follow, max-snippet:-1, max-image-preview:large, max-video-preview:-1\" \/>\n<link rel=\"canonical\" href=\"https:\/\/www.elizabethforfortworth.com\/es\/\" \/>\n<meta property=\"og:locale\" content=\"es_MX\" \/>\n<meta property=\"og:type\" content=\"article\" \/>\n<meta property=\"og:title\" content=\"Home - Elizabeth Beck for Fort Worth City Council District 9\" \/>\n<meta property=\"og:description\" content=\"Chip in today for the next generation of Fort Worth leadership. It\u2019s time for real leadership in Fort Worth. We need hardworking, roll-up-your sleeves council members who will fight for Fort Worth&#8217;s future. As a proud Fort Worthian and your next councilwoman, I will ensure that Fort Worth is a place where both our businesses\u2026Read More\" \/>\n<meta property=\"og:url\" content=\"https:\/\/www.elizabethforfortworth.com\/es\/\" \/>\n<meta property=\"og:site_name\" content=\"Elizabeth Beck for Fort Worth City Council District 9\" \/>\n<meta property=\"article:modified_time\" content=\"2024-06-14T22:41:50+00:00\" \/>\n<meta property=\"og:image\" content=\"https:\/\/www.elizabethforfortworth.com\/wp-content\/uploads\/2021\/02\/IMG-8822-1.png\" \/>\n<meta name=\"twitter:card\" content=\"summary_large_image\" \/>\n<meta name=\"twitter:label1\" content=\"Tiempo de lectura\" \/>\n\t<meta name=\"twitter:data1\" content=\"1 minuto\" \/>\n<script type=\"application\/ld+json\" class=\"yoast-schema-graph\">{\"@context\":\"https:\\\/\\\/schema.org\",\"@graph\":[{\"@type\":\"WebPage\",\"@id\":\"https:\\\/\\\/www.elizabethforfortworth.com\\\/\",\"url\":\"https:\\\/\\\/www.elizabethforfortworth.com\\\/\",\"name\":\"Home - Elizabeth Beck for Fort Worth City Council District 9\",\"isPartOf\":{\"@id\":\"https:\\\/\\\/www.elizabethforfortworth.com\\\/#website\"},\"primaryImageOfPage\":{\"@id\":\"https:\\\/\\\/www.elizabethforfortworth.com\\\/#primaryimage\"},\"image\":{\"@id\":\"https:\\\/\\\/www.elizabethforfortworth.com\\\/#primaryimage\"},\"thumbnailUrl\":\"https:\\\/\\\/www.elizabethforfortworth.com\\\/wp-content\\\/uploads\\\/2021\\\/02\\\/IMG-8822-1.png\",\"datePublished\":\"2019-03-16T13:58:40+00:00\",\"dateModified\":\"2024-06-14T22:41:50+00:00\",\"breadcrumb\":{\"@id\":\"https:\\\/\\\/www.elizabethforfortworth.com\\\/#breadcrumb\"},\"inLanguage\":\"es\",\"potentialAction\":[{\"@type\":\"ReadAction\",\"target\":[\"https:\\\/\\\/www.elizabethforfortworth.com\\\/\"]}]},{\"@type\":\"ImageObject\",\"inLanguage\":\"es\",\"@id\":\"https:\\\/\\\/www.elizabethforfortworth.com\\\/#primaryimage\",\"url\":\"https:\\\/\\\/www.elizabethforfortworth.com\\\/wp-content\\\/uploads\\\/2021\\\/02\\\/IMG-8822-1.png\",\"contentUrl\":\"https:\\\/\\\/www.elizabethforfortworth.com\\\/wp-content\\\/uploads\\\/2021\\\/02\\\/IMG-8822-1.png\"},{\"@type\":\"BreadcrumbList\",\"@id\":\"https:\\\/\\\/www.elizabethforfortworth.com\\\/#breadcrumb\",\"itemListElement\":[{\"@type\":\"ListItem\",\"position\":1,\"name\":\"Home\",\"item\":\"https:\\\/\\\/www.elizabethforfortworth.com\\\/\"},{\"@type\":\"ListItem\",\"position\":2,\"name\":\"Home\"}]},{\"@type\":\"WebSite\",\"@id\":\"https:\\\/\\\/www.elizabethforfortworth.com\\\/#website\",\"url\":\"https:\\\/\\\/www.elizabethforfortworth.com\\\/\",\"name\":\"Elizabeth Beck for Fort Worth City Council District 9\",\"description\":\"\",\"publisher\":{\"@id\":\"https:\\\/\\\/www.elizabethforfortworth.com\\\/#\\\/schema\\\/person\\\/ead1d8287bbd457281d0e4b65154a2ea\"},\"potentialAction\":[{\"@type\":\"SearchAction\",\"target\":{\"@type\":\"EntryPoint\",\"urlTemplate\":\"https:\\\/\\\/www.elizabethforfortworth.com\\\/?s={search_term_string}\"},\"query-input\":{\"@type\":\"PropertyValueSpecification\",\"valueRequired\":true,\"valueName\":\"search_term_string\"}}],\"inLanguage\":\"es\"},{\"@type\":[\"Person\",\"Organization\"],\"@id\":\"https:\\\/\\\/www.elizabethforfortworth.com\\\/#\\\/schema\\\/person\\\/ead1d8287bbd457281d0e4b65154a2ea\",\"name\":\"Elizabeth Beck\",\"image\":{\"@type\":\"ImageObject\",\"inLanguage\":\"es\",\"@id\":\"https:\\\/\\\/www.elizabethforfortworth.com\\\/wp-content\\\/uploads\\\/2020\\\/08\\\/elizabeth-beck-3700-scaled.jpg\",\"url\":\"https:\\\/\\\/www.elizabethforfortworth.com\\\/wp-content\\\/uploads\\\/2020\\\/08\\\/elizabeth-beck-3700-scaled.jpg\",\"contentUrl\":\"https:\\\/\\\/www.elizabethforfortworth.com\\\/wp-content\\\/uploads\\\/2020\\\/08\\\/elizabeth-beck-3700-scaled.jpg\",\"width\":2560,\"height\":1709,\"caption\":\"Elizabeth Beck\"},\"logo\":{\"@id\":\"https:\\\/\\\/www.elizabethforfortworth.com\\\/wp-content\\\/uploads\\\/2020\\\/08\\\/elizabeth-beck-3700-scaled.jpg\"}}]}<\/script>\n<!-- \/ Yoast SEO plugin. -->","yoast_head_json":{"title":"Inicio - Elizabeth Beck para el Distrito 9 del Ayuntamiento de Fort Worth","robots":{"index":"index","follow":"follow","max-snippet":"max-snippet:-1","max-image-preview":"max-image-preview:large","max-video-preview":"max-video-preview:-1"},"canonical":"https:\/\/www.elizabethforfortworth.com\/es\/","og_locale":"es_MX","og_type":"article","og_title":"Home - Elizabeth Beck for Fort Worth City Council District 9","og_description":"Chip in today for the next generation of Fort Worth leadership. It\u2019s time for real leadership in Fort Worth. We need hardworking, roll-up-your sleeves council members who will fight for Fort Worth&#8217;s future. As a proud Fort Worthian and your next councilwoman, I will ensure that Fort Worth is a place where both our businesses\u2026Read More","og_url":"https:\/\/www.elizabethforfortworth.com\/es\/","og_site_name":"Elizabeth Beck for Fort Worth City Council District 9","article_modified_time":"2024-06-14T22:41:50+00:00","og_image":[{"url":"https:\/\/www.elizabethforfortworth.com\/wp-content\/uploads\/2021\/02\/IMG-8822-1.png","type":"","width":"","height":""}],"twitter_card":"summary_large_image","twitter_misc":{"Tiempo de lectura":"1 minuto"},"schema":{"@context":"https:\/\/schema.org","@graph":[{"@type":"WebPage","@id":"https:\/\/www.elizabethforfortworth.com\/","url":"https:\/\/www.elizabethforfortworth.com\/","name":"Inicio - Elizabeth Beck para el Distrito 9 del Ayuntamiento de Fort Worth","isPartOf":{"@id":"https:\/\/www.elizabethforfortworth.com\/#website"},"primaryImageOfPage":{"@id":"https:\/\/www.elizabethforfortworth.com\/#primaryimage"},"image":{"@id":"https:\/\/www.elizabethforfortworth.com\/#primaryimage"},"thumbnailUrl":"https:\/\/www.elizabethforfortworth.com\/wp-content\/uploads\/2021\/02\/IMG-8822-1.png","datePublished":"2019-03-16T13:58:40+00:00","dateModified":"2024-06-14T22:41:50+00:00","breadcrumb":{"@id":"https:\/\/www.elizabethforfortworth.com\/#breadcrumb"},"inLanguage":"es","potentialAction":[{"@type":"ReadAction","target":["https:\/\/www.elizabethforfortworth.com\/"]}]},{"@type":"ImageObject","inLanguage":"es","@id":"https:\/\/www.elizabethforfortworth.com\/#primaryimage","url":"https:\/\/www.elizabethforfortworth.com\/wp-content\/uploads\/2021\/02\/IMG-8822-1.png","contentUrl":"https:\/\/www.elizabethforfortworth.com\/wp-content\/uploads\/2021\/02\/IMG-8822-1.png"},{"@type":"BreadcrumbList","@id":"https:\/\/www.elizabethforfortworth.com\/#breadcrumb","itemListElement":[{"@type":"ListItem","position":1,"name":"Home","item":"https:\/\/www.elizabethforfortworth.com\/"},{"@type":"ListItem","position":2,"name":"Home"}]},{"@type":"WebSite","@id":"https:\/\/www.elizabethforfortworth.com\/#website","url":"https:\/\/www.elizabethforfortworth.com\/","name":"Elizabeth Beck para el Distrito 9 del Ayuntamiento de Fort Worth","description":"","publisher":{"@id":"https:\/\/www.elizabethforfortworth.com\/#\/schema\/person\/ead1d8287bbd457281d0e4b65154a2ea"},"potentialAction":[{"@type":"SearchAction","target":{"@type":"EntryPoint","urlTemplate":"https:\/\/www.elizabethforfortworth.com\/?s={search_term_string}"},"query-input":{"@type":"PropertyValueSpecification","valueRequired":true,"valueName":"search_term_string"}}],"inLanguage":"es"},{"@type":["Person","Organization"],"@id":"https:\/\/www.elizabethforfortworth.com\/#\/schema\/person\/ead1d8287bbd457281d0e4b65154a2ea","name":"Elizabeth Beck","image":{"@type":"ImageObject","inLanguage":"es","@id":"https:\/\/www.elizabethforfortworth.com\/wp-content\/uploads\/2020\/08\/elizabeth-beck-3700-scaled.jpg","url":"https:\/\/www.elizabethforfortworth.com\/wp-content\/uploads\/2020\/08\/elizabeth-beck-3700-scaled.jpg","contentUrl":"https:\/\/www.elizabethforfortworth.com\/wp-content\/uploads\/2020\/08\/elizabeth-beck-3700-scaled.jpg","width":2560,"height":1709,"caption":"Elizabeth Beck"},"logo":{"@id":"https:\/\/www.elizabethforfortworth.com\/wp-content\/uploads\/2020\/08\/elizabeth-beck-3700-scaled.jpg"}}]}},"jetpack_sharing_enabled":true,"_links":{"self":[{"href":"https:\/\/www.elizabethforfortworth.com\/es\/wp-json\/wp\/v2\/pages\/650","targetHints":{"allow":["GET"]}}],"collection":[{"href":"https:\/\/www.elizabethforfortworth.com\/es\/wp-json\/wp\/v2\/pages"}],"about":[{"href":"https:\/\/www.elizabethforfortworth.com\/es\/wp-json\/wp\/v2\/types\/page"}],"author":[{"embeddable":true,"href":"https:\/\/www.elizabethforfortworth.com\/es\/wp-json\/wp\/v2\/users\/2"}],"replies":[{"embeddable":true,"href":"https:\/\/www.elizabethforfortworth.com\/es\/wp-json\/wp\/v2\/comments?post=650"}],"version-history":[{"count":101,"href":"https:\/\/www.elizabethforfortworth.com\/es\/wp-json\/wp\/v2\/pages\/650\/revisions"}],"predecessor-version":[{"id":2500,"href":"https:\/\/www.elizabethforfortworth.com\/es\/wp-json\/wp\/v2\/pages\/650\/revisions\/2500"}],"wp:attachment":[{"href":"https:\/\/www.elizabethforfortworth.com\/es\/wp-json\/wp\/v2\/media?parent=650"}],"curies":[{"name":"wp","href":"https:\/\/api.w.org\/{rel}","templated":true}]}}